{"id":363,"date":"2015-01-29T08:33:52","date_gmt":"2015-01-29T08:33:52","guid":{"rendered":"http:\/\/themes.tielabs.com\/sahifa5\/?page_id=363"},"modified":"2020-06-15T17:18:44","modified_gmt":"2020-06-15T15:18:44","slug":"page-post-elements","status":"publish","type":"page","link":"https:\/\/alecoutedelarbre.org\/index.php\/page-post-elements\/","title":{"rendered":"Livre d&rsquo;or"},"content":{"rendered":"\t\t<div data-elementor-type=\"wp-page\" data-elementor-id=\"363\" class=\"elementor elementor-363\">\n\t\t\t\t\t\t\t\t\t<section class=\"elementor-section elementor-top-section elementor-element elementor-element-aee6eec elementor-section-boxed elementor-section-height-default elementor-section-height-default\" data-id=\"aee6eec\" data-element_type=\"section\">\n\t\t\t\t\t\t<div class=\"elementor-container elementor-column-gap-default\">\n\t\t\t\t\t<div class=\"elementor-column elementor-col-100 elementor-top-column elementor-element elementor-element-f42a37d\" data-id=\"f42a37d\" data-element_type=\"column\">\n\t\t\t<div class=\"elementor-widget-wrap elementor-element-populated\">\n\t\t\t\t\t\t\t\t<div class=\"elementor-element elementor-element-b431ab7 elementor-widget elementor-widget-testimonial\" data-id=\"b431ab7\" data-element_type=\"widget\" data-widget_type=\"testimonial.default\">\n\t\t\t\t<div class=\"elementor-widget-container\">\n\t\t\t\t\t<div class=\"elementor-testimonial-wrapper\">\n\t\t\t\t\t\t\t<div class=\"elementor-testimonial-content\">Laisser nous un message, une trace de votre passage....<\/div>\n\t\t\t\n\t\t\t\t\t\t<div class=\"elementor-testimonial-meta elementor-has-image elementor-testimonial-image-position-aside\">\n\t\t\t\t<div class=\"elementor-testimonial-meta-inner\">\n\t\t\t\t\t\t\t\t\t\t\t<div class=\"elementor-testimonial-image\">\n\t\t\t\t\t\t\t<img src=\"https:\/\/alecoutedelarbre.org\/wp-content\/plugins\/elementor\/assets\/images\/placeholder.png\" title=\"\" alt=\"\" loading=\"lazy\" \/>\t\t\t\t\t\t<\/div>\n\t\t\t\t\t\n\t\t\t\t\t\t\t\t\t<\/div>\n\t\t\t<\/div>\n\t\t\t\t\t<\/div>\n\t\t\t\t<\/div>\n\t\t\t\t<\/div>\n\t\t\t\t\t<\/div>\n\t\t<\/div>\n\t\t\t\t\t\t\t<\/div>\n\t\t<\/section>\n\t\t\t\t<section class=\"elementor-section elementor-top-section elementor-element elementor-element-398131f elementor-section-boxed elementor-section-height-default elementor-section-height-default\" data-id=\"398131f\" data-element_type=\"section\">\n\t\t\t\t\t\t<div class=\"elementor-container elementor-column-gap-default\">\n\t\t\t\t\t<div class=\"elementor-column elementor-col-100 elementor-top-column elementor-element elementor-element-83c3925\" data-id=\"83c3925\" data-element_type=\"column\">\n\t\t\t<div class=\"elementor-widget-wrap elementor-element-populated\">\n\t\t\t\t\t\t\t\t<div class=\"elementor-element elementor-element-de798d8 elementor-widget elementor-widget-text-editor\" data-id=\"de798d8\" data-element_type=\"widget\" data-widget_type=\"text-editor.default\">\n\t\t\t\t<div class=\"elementor-widget-container\">\n\t\t\t\t\t\t\t<p>Tr\u00e8s belle exp\u00e9rience, parmi ces merveilleux arbres.<\/p><p>Merci Florence\u00a0<\/p><p>Bernadette le 20\/10\/19<\/p>\t\t\t\t\t\t<\/div>\n\t\t\t\t<\/div>\n\t\t\t\t\t<\/div>\n\t\t<\/div>\n\t\t\t\t\t\t\t<\/div>\n\t\t<\/section>\n\t\t\t\t<section class=\"elementor-section elementor-top-section elementor-element elementor-element-762dd6b elementor-section-boxed elementor-section-height-default elementor-section-height-default\" data-id=\"762dd6b\" data-element_type=\"section\">\n\t\t\t\t\t\t<div class=\"elementor-container elementor-column-gap-default\">\n\t\t\t\t\t<div class=\"elementor-column elementor-col-100 elementor-top-column elementor-element elementor-element-e39adb6\" data-id=\"e39adb6\" data-element_type=\"column\">\n\t\t\t<div class=\"elementor-widget-wrap elementor-element-populated\">\n\t\t\t\t\t\t\t\t<div class=\"elementor-element elementor-element-d09005c elementor-widget elementor-widget-text-editor\" data-id=\"d09005c\" data-element_type=\"widget\" data-widget_type=\"text-editor.default\">\n\t\t\t\t<div class=\"elementor-widget-container\">\n\t\t\t\t\t\t\t<p>Merci pour ce moment rare et pr\u00e9cieux de ressourcement et de fraternit\u00e9.<\/p><p>Anne Marie 20\/10\/19<\/p>\t\t\t\t\t\t<\/div>\n\t\t\t\t<\/div>\n\t\t\t\t\t<\/div>\n\t\t<\/div>\n\t\t\t\t\t\t\t<\/div>\n\t\t<\/section>\n\t\t\t\t<section class=\"elementor-section elementor-top-section elementor-element elementor-element-321bab4 elementor-section-boxed elementor-section-height-default elementor-section-height-default\" data-id=\"321bab4\" data-element_type=\"section\">\n\t\t\t\t\t\t<div class=\"elementor-container elementor-column-gap-default\">\n\t\t\t\t\t<div class=\"elementor-column elementor-col-100 elementor-top-column elementor-element elementor-element-05d16db\" data-id=\"05d16db\" data-element_type=\"column\">\n\t\t\t<div class=\"elementor-widget-wrap elementor-element-populated\">\n\t\t\t\t\t\t\t\t<div class=\"elementor-element elementor-element-f36c002 elementor-widget elementor-widget-text-editor\" data-id=\"f36c002\" data-element_type=\"widget\" data-widget_type=\"text-editor.default\">\n\t\t\t\t<div class=\"elementor-widget-container\">\n\t\t\t\t\t\t\t<p>C&rsquo;est une premi\u00e8re, merci beaucoup pour cette merveilleuse rencontre. L&rsquo;arbre fait partie de ma vie depuis toujours.<\/p><p>Nadine 20\/10\/19<\/p>\t\t\t\t\t\t<\/div>\n\t\t\t\t<\/div>\n\t\t\t\t\t<\/div>\n\t\t<\/div>\n\t\t\t\t\t\t\t<\/div>\n\t\t<\/section>\n\t\t\t\t<section class=\"elementor-section elementor-top-section elementor-element elementor-element-285d985 elementor-section-boxed elementor-section-height-default elementor-section-height-default\" data-id=\"285d985\" data-element_type=\"section\">\n\t\t\t\t\t\t<div class=\"elementor-container elementor-column-gap-default\">\n\t\t\t\t\t<div class=\"elementor-column elementor-col-100 elementor-top-column elementor-element elementor-element-cb81f8b\" data-id=\"cb81f8b\" data-element_type=\"column\">\n\t\t\t<div class=\"elementor-widget-wrap elementor-element-populated\">\n\t\t\t\t\t\t\t\t<div class=\"elementor-element elementor-element-4e0f498 elementor-widget elementor-widget-text-editor\" data-id=\"4e0f498\" data-element_type=\"widget\" data-widget_type=\"text-editor.default\">\n\t\t\t\t<div class=\"elementor-widget-container\">\n\t\t\t\t\t\t\t<p>Une premi\u00e8re exp\u00e9rience EXTRAORDINAIRE. Merci beaucoup Florence<\/p><p>Martine le 26\/10\/19<\/p>\t\t\t\t\t\t<\/div>\n\t\t\t\t<\/div>\n\t\t\t\t\t<\/div>\n\t\t<\/div>\n\t\t\t\t\t\t\t<\/div>\n\t\t<\/section>\n\t\t\t\t<section class=\"elementor-section elementor-top-section elementor-element elementor-element-2d21efd elementor-section-boxed elementor-section-height-default elementor-section-height-default\" data-id=\"2d21efd\" data-element_type=\"section\">\n\t\t\t\t\t\t<div class=\"elementor-container elementor-column-gap-default\">\n\t\t\t\t\t<div class=\"elementor-column elementor-col-100 elementor-top-column elementor-element elementor-element-191ef74\" data-id=\"191ef74\" data-element_type=\"column\">\n\t\t\t<div class=\"elementor-widget-wrap elementor-element-populated\">\n\t\t\t\t\t\t\t\t<div class=\"elementor-element elementor-element-255e69c elementor-widget elementor-widget-text-editor\" data-id=\"255e69c\" data-element_type=\"widget\" data-widget_type=\"text-editor.default\">\n\t\t\t\t<div class=\"elementor-widget-container\">\n\t\t\t\t\t\t\t<p>Merci pour cette belle reconnexion \u00e0 la paix et \u00e0 la tranquillit\u00e9 de la nature.<\/p><p>Laurent 26\/10\/19<\/p>\t\t\t\t\t\t<\/div>\n\t\t\t\t<\/div>\n\t\t\t\t\t<\/div>\n\t\t<\/div>\n\t\t\t\t\t\t\t<\/div>\n\t\t<\/section>\n\t\t\t\t<section class=\"elementor-section elementor-top-section elementor-element elementor-element-879e444 elementor-section-boxed elementor-section-height-default elementor-section-height-default\" data-id=\"879e444\" data-element_type=\"section\">\n\t\t\t\t\t\t<div class=\"elementor-container elementor-column-gap-default\">\n\t\t\t\t\t<div class=\"elementor-column elementor-col-100 elementor-top-column elementor-element elementor-element-c9628cc\" data-id=\"c9628cc\" data-element_type=\"column\">\n\t\t\t<div class=\"elementor-widget-wrap elementor-element-populated\">\n\t\t\t\t\t\t\t\t<div class=\"elementor-element elementor-element-8cd14ac elementor-widget elementor-widget-text-editor\" data-id=\"8cd14ac\" data-element_type=\"widget\" data-widget_type=\"text-editor.default\">\n\t\t\t\t<div class=\"elementor-widget-container\">\n\t\t\t\t\t\t\t<p>Merci pour cette exp\u00e9rience qui permet d&rsquo;arr\u00eater le temps et de ressentir avec tous mes sens et m\u00eame au del\u00e0.<\/p><p>Antoinella 16\/11\/19<\/p>\t\t\t\t\t\t<\/div>\n\t\t\t\t<\/div>\n\t\t\t\t\t<\/div>\n\t\t<\/div>\n\t\t\t\t\t\t\t<\/div>\n\t\t<\/section>\n\t\t\t\t<section class=\"elementor-section elementor-top-section elementor-element elementor-element-b05157d elementor-section-boxed elementor-section-height-default elementor-section-height-default\" data-id=\"b05157d\" data-element_type=\"section\">\n\t\t\t\t\t\t<div class=\"elementor-container elementor-column-gap-default\">\n\t\t\t\t\t<div class=\"elementor-column elementor-col-100 elementor-top-column elementor-element elementor-element-4ad4d44\" data-id=\"4ad4d44\" data-element_type=\"column\">\n\t\t\t<div class=\"elementor-widget-wrap elementor-element-populated\">\n\t\t\t\t\t\t\t\t<div class=\"elementor-element elementor-element-9471a30 elementor-widget elementor-widget-text-editor\" data-id=\"9471a30\" data-element_type=\"widget\" data-widget_type=\"text-editor.default\">\n\t\t\t\t<div class=\"elementor-widget-container\">\n\t\t\t\t\t\t\t<p>Moment de vie qui nous rappelle que nous sommes vivant, en lien avec la nature, comme les arbres sont en lien avec la terre et le ciel. Une grande ouverture de tous mes sens.<\/p><p>Danielle 22\/02\/20<\/p>\t\t\t\t\t\t<\/div>\n\t\t\t\t<\/div>\n\t\t\t\t\t<\/div>\n\t\t<\/div>\n\t\t\t\t\t\t\t<\/div>\n\t\t<\/section>\n\t\t\t\t<section class=\"elementor-section elementor-top-section elementor-element elementor-element-7451113 elementor-section-boxed elementor-section-height-default elementor-section-height-default\" data-id=\"7451113\" data-element_type=\"section\">\n\t\t\t\t\t\t<div class=\"elementor-container elementor-column-gap-default\">\n\t\t\t\t\t<div class=\"elementor-column elementor-col-100 elementor-top-column elementor-element elementor-element-69110b3\" data-id=\"69110b3\" data-element_type=\"column\">\n\t\t\t<div class=\"elementor-widget-wrap elementor-element-populated\">\n\t\t\t\t\t\t\t\t<div class=\"elementor-element elementor-element-d481bb2 elementor-widget elementor-widget-text-editor\" data-id=\"d481bb2\" data-element_type=\"widget\" data-widget_type=\"text-editor.default\">\n\t\t\t\t<div class=\"elementor-widget-container\">\n\t\t\t\t\t\t\t<p>Ouverture du coeur, des sons, sensation enti\u00e8re \u00e0 l&rsquo;air, aux arbres \u00e0 l&rsquo;humus. Un Bain de For\u00eat enchant\u00e9 par tous mes sens, connect\u00e9 \u00e0 l&rsquo;instant pr\u00e9sent. Merci Florence<\/p><p>Myrtille le 8\/03\/20<\/p>\t\t\t\t\t\t<\/div>\n\t\t\t\t<\/div>\n\t\t\t\t\t<\/div>\n\t\t<\/div>\n\t\t\t\t\t\t\t<\/div>\n\t\t<\/section>\n\t\t\t\t<section class=\"elementor-section elementor-top-section elementor-element elementor-element-4f0120b elementor-section-boxed elementor-section-height-default elementor-section-height-default\" data-id=\"4f0120b\" data-element_type=\"section\">\n\t\t\t\t\t\t<div class=\"elementor-container elementor-column-gap-default\">\n\t\t\t\t\t<div class=\"elementor-column elementor-col-100 elementor-top-column elementor-element elementor-element-f48322c\" data-id=\"f48322c\" data-element_type=\"column\">\n\t\t\t<div class=\"elementor-widget-wrap elementor-element-populated\">\n\t\t\t\t\t\t\t\t<div class=\"elementor-element elementor-element-05427d7 elementor-widget elementor-widget-text-editor\" data-id=\"05427d7\" data-element_type=\"widget\" data-widget_type=\"text-editor.default\">\n\t\t\t\t<div class=\"elementor-widget-container\">\n\t\t\t\t\t\t\t<p>Merci pour cette belle d\u00e9couverte d&rsquo;une for\u00eat magique. Ouverture des sens connexion aux arbres pour un regard neuf. Quand la for\u00eat nous murmure ses secrets&#8230;<\/p><p>Nathalie 08\/03\/20<\/p>\t\t\t\t\t\t<\/div>\n\t\t\t\t<\/div>\n\t\t\t\t\t<\/div>\n\t\t<\/div>\n\t\t\t\t\t\t\t<\/div>\n\t\t<\/section>\n\t\t\t\t<section class=\"elementor-section elementor-top-section elementor-element elementor-element-78f8af1 elementor-section-boxed elementor-section-height-default elementor-section-height-default\" data-id=\"78f8af1\" data-element_type=\"section\">\n\t\t\t\t\t\t<div class=\"elementor-container elementor-column-gap-default\">\n\t\t\t\t\t<div class=\"elementor-column elementor-col-100 elementor-top-column elementor-element elementor-element-41495d8\" data-id=\"41495d8\" data-element_type=\"column\">\n\t\t\t<div class=\"elementor-widget-wrap elementor-element-populated\">\n\t\t\t\t\t\t\t\t<div class=\"elementor-element elementor-element-a8f5bbc elementor-widget elementor-widget-text-editor\" data-id=\"a8f5bbc\" data-element_type=\"widget\" data-widget_type=\"text-editor.default\">\n\t\t\t\t<div class=\"elementor-widget-container\">\n\t\t\t\t\t\t\t<p>Beaucoup de reconnaissance pour cette parenth\u00e8se au coeur de cette si belle for\u00eat, avec des arbres remarquables. Un moment d\u00e9licieux inscrit d\u00e9sormais dans ma m\u00e9moire. Merci beaucoup&#8230;<\/p><p>Paulette le 06\/06\/20<\/p>\t\t\t\t\t\t<\/div>\n\t\t\t\t<\/div>\n\t\t\t\t\t<\/div>\n\t\t<\/div>\n\t\t\t\t\t\t\t<\/div>\n\t\t<\/section>\n\t\t\t\t<section class=\"elementor-section elementor-top-section elementor-element elementor-element-ae65616 elementor-section-boxed elementor-section-height-default elementor-section-height-default\" data-id=\"ae65616\" data-element_type=\"section\">\n\t\t\t\t\t\t<div class=\"elementor-container elementor-column-gap-default\">\n\t\t\t\t\t<div class=\"elementor-column elementor-col-100 elementor-top-column elementor-element elementor-element-6b8c037\" data-id=\"6b8c037\" data-element_type=\"column\">\n\t\t\t<div class=\"elementor-widget-wrap elementor-element-populated\">\n\t\t\t\t\t\t\t\t<div class=\"elementor-element elementor-element-4e0d2a2 elementor-widget elementor-widget-text-editor\" data-id=\"4e0d2a2\" data-element_type=\"widget\" data-widget_type=\"text-editor.default\">\n\t\t\t\t<div class=\"elementor-widget-container\">\n\t\t\t\t\t\t\t<p>L\u00e9g\u00e8ret\u00e9, puret\u00e9, connexion par le coeur. Un grand moment de bonheur avec les arbres \u00e0 gouter pleinement l&rsquo;instant. Merci Florence<\/p><p>Sonia le 06\/06\/20<\/p>\t\t\t\t\t\t<\/div>\n\t\t\t\t<\/div>\n\t\t\t\t\t<\/div>\n\t\t<\/div>\n\t\t\t\t\t\t\t<\/div>\n\t\t<\/section>\n\t\t\t\t<section class=\"elementor-section elementor-top-section elementor-element elementor-element-a918da9 elementor-section-boxed elementor-section-height-default elementor-section-height-default\" data-id=\"a918da9\" data-element_type=\"section\">\n\t\t\t\t\t\t<div class=\"elementor-container elementor-column-gap-default\">\n\t\t\t\t\t<div class=\"elementor-column elementor-col-100 elementor-top-column elementor-element elementor-element-d9c9204\" data-id=\"d9c9204\" data-element_type=\"column\">\n\t\t\t<div class=\"elementor-widget-wrap elementor-element-populated\">\n\t\t\t\t\t\t\t\t<div class=\"elementor-element elementor-element-6841b36 elementor-widget elementor-widget-text-editor\" data-id=\"6841b36\" data-element_type=\"widget\" data-widget_type=\"text-editor.default\">\n\t\t\t\t<div class=\"elementor-widget-container\">\n\t\t\t\t\t\t\t<p>Un moment tr\u00e8s agr\u00e9able \u00e0 la fois joyeux, profond et ludique. S&rsquo;immerger dans la for\u00eat et \u00eatre sensibilis\u00e9e par des exercices simples, \u00e0 ses couleurs, ses odeurs, \u00e0 ses sons, \u00e0 sa beaut\u00e9. Un Bain adapt\u00e9 \u00e0 mon besoin de prise de conscience, du plaisir, une bonne connexion \u00e0 l&rsquo;arbre, \u00e0 sa sagesse et \u00e0 son amour. Florence a su g\u00e9n\u00e9rer de la confiance, de la positivit\u00e9, de la joie et de la bienveillance. Un grand merci&#8230;<\/p><p>Martine le 13\/06\/20<\/p>\t\t\t\t\t\t<\/div>\n\t\t\t\t<\/div>\n\t\t\t\t\t<\/div>\n\t\t<\/div>\n\t\t\t\t\t\t\t<\/div>\n\t\t<\/section>\n\t\t\t\t\t\t\t<\/div>\n\t\t","protected":false},"excerpt":{"rendered":"<p>Laisser nous un message, une trace de votre passage&#8230;. Tr\u00e8s belle exp\u00e9rience, parmi ces merveilleux arbres. Merci Florence\u00a0 Bernadette le 20\/10\/19 Merci pour ce moment rare et pr\u00e9cieux de ressourcement et de fraternit\u00e9. Anne Marie 20\/10\/19 C&rsquo;est une premi\u00e8re, merci beaucoup pour cette merveilleuse rencontre. L&rsquo;arbre fait partie de ma vie depuis toujours. Nadine 20\/10\/19 &hellip;<\/p>\n","protected":false},"author":1,"featured_media":84,"parent":0,"menu_order":0,"comment_status":"closed","ping_status":"closed","template":"","meta":{"spay_email":""},"yoast_head":"<!-- This site is optimized with the Yoast SEO plugin v19.13 - https:\/\/yoast.com\/wordpress\/plugins\/seo\/ -->\n<title>Livre d&#039;or - A l&#039;\u00e9coute de l&#039;Arbre<\/title>\n<meta name=\"robots\" content=\"index, follow, max-snippet:-1, max-image-preview:large, max-video-preview:-1\" \/>\n<link rel=\"canonical\" href=\"https:\/\/alecoutedelarbre.org\/index.php\/page-post-elements\/\" \/>\n<meta property=\"og:locale\" content=\"fr_FR\" \/>\n<meta property=\"og:type\" content=\"article\" \/>\n<meta property=\"og:title\" content=\"Livre d&#039;or - A l&#039;\u00e9coute de l&#039;Arbre\" \/>\n<meta property=\"og:description\" content=\"Laisser nous un message, une trace de votre passage&#8230;. Tr\u00e8s belle exp\u00e9rience, parmi ces merveilleux arbres. Merci Florence\u00a0 Bernadette le 20\/10\/19 Merci pour ce moment rare et pr\u00e9cieux de ressourcement et de fraternit\u00e9. Anne Marie 20\/10\/19 C&rsquo;est une premi\u00e8re, merci beaucoup pour cette merveilleuse rencontre. L&rsquo;arbre fait partie de ma vie depuis toujours. Nadine 20\/10\/19 &hellip;\" \/>\n<meta property=\"og:url\" content=\"https:\/\/alecoutedelarbre.org\/index.php\/page-post-elements\/\" \/>\n<meta property=\"og:site_name\" content=\"A l&#039;\u00e9coute de l&#039;Arbre\" \/>\n<meta property=\"article:modified_time\" content=\"2020-06-15T15:18:44+00:00\" \/>\n<meta property=\"og:image\" content=\"https:\/\/alecoutedelarbre.org\/wp-content\/uploads\/2019\/11\/efe228ab03e21d77b6e3d7a497a53359.jpg\" \/>\n\t<meta property=\"og:image:width\" content=\"564\" \/>\n\t<meta property=\"og:image:height\" content=\"705\" \/>\n\t<meta property=\"og:image:type\" content=\"image\/jpeg\" \/>\n<meta name=\"twitter:card\" content=\"summary_large_image\" \/>\n<meta name=\"twitter:label1\" content=\"Dur\u00e9e de lecture estim\u00e9e\" \/>\n\t<meta name=\"twitter:data1\" content=\"2 minutes\" \/>\n<script type=\"application\/ld+json\" class=\"yoast-schema-graph\">{\"@context\":\"https:\/\/schema.org\",\"@graph\":[{\"@type\":\"WebPage\",\"@id\":\"https:\/\/alecoutedelarbre.org\/index.php\/page-post-elements\/\",\"url\":\"https:\/\/alecoutedelarbre.org\/index.php\/page-post-elements\/\",\"name\":\"Livre d'or - A l&#039;\u00e9coute de l&#039;Arbre\",\"isPartOf\":{\"@id\":\"https:\/\/alecoutedelarbre.org\/#website\"},\"datePublished\":\"2015-01-29T08:33:52+00:00\",\"dateModified\":\"2020-06-15T15:18:44+00:00\",\"breadcrumb\":{\"@id\":\"https:\/\/alecoutedelarbre.org\/index.php\/page-post-elements\/#breadcrumb\"},\"inLanguage\":\"fr-FR\",\"potentialAction\":[{\"@type\":\"ReadAction\",\"target\":[\"https:\/\/alecoutedelarbre.org\/index.php\/page-post-elements\/\"]}]},{\"@type\":\"BreadcrumbList\",\"@id\":\"https:\/\/alecoutedelarbre.org\/index.php\/page-post-elements\/#breadcrumb\",\"itemListElement\":[{\"@type\":\"ListItem\",\"position\":1,\"name\":\"Accueil\",\"item\":\"https:\/\/alecoutedelarbre.org\/\"},{\"@type\":\"ListItem\",\"position\":2,\"name\":\"Livre d&rsquo;or\"}]},{\"@type\":\"WebSite\",\"@id\":\"https:\/\/alecoutedelarbre.org\/#website\",\"url\":\"https:\/\/alecoutedelarbre.org\/\",\"name\":\"A l&#039;\u00e9coute de l&#039;Arbre\",\"description\":\"Prendre un temps pour soi en prenant un Bain de For\u00eat\",\"potentialAction\":[{\"@type\":\"SearchAction\",\"target\":{\"@type\":\"EntryPoint\",\"urlTemplate\":\"https:\/\/alecoutedelarbre.org\/?s={search_term_string}\"},\"query-input\":\"required name=search_term_string\"}],\"inLanguage\":\"fr-FR\"}]}<\/script>\n<!-- \/ Yoast SEO plugin. -->","yoast_head_json":{"title":"Livre d'or - A l&#039;\u00e9coute de l&#039;Arbre","robots":{"index":"index","follow":"follow","max-snippet":"max-snippet:-1","max-image-preview":"max-image-preview:large","max-video-preview":"max-video-preview:-1"},"canonical":"https:\/\/alecoutedelarbre.org\/index.php\/page-post-elements\/","og_locale":"fr_FR","og_type":"article","og_title":"Livre d'or - A l&#039;\u00e9coute de l&#039;Arbre","og_description":"Laisser nous un message, une trace de votre passage&#8230;. Tr\u00e8s belle exp\u00e9rience, parmi ces merveilleux arbres. Merci Florence\u00a0 Bernadette le 20\/10\/19 Merci pour ce moment rare et pr\u00e9cieux de ressourcement et de fraternit\u00e9. Anne Marie 20\/10\/19 C&rsquo;est une premi\u00e8re, merci beaucoup pour cette merveilleuse rencontre. L&rsquo;arbre fait partie de ma vie depuis toujours. Nadine 20\/10\/19 &hellip;","og_url":"https:\/\/alecoutedelarbre.org\/index.php\/page-post-elements\/","og_site_name":"A l&#039;\u00e9coute de l&#039;Arbre","article_modified_time":"2020-06-15T15:18:44+00:00","og_image":[{"width":564,"height":705,"url":"https:\/\/alecoutedelarbre.org\/wp-content\/uploads\/2019\/11\/efe228ab03e21d77b6e3d7a497a53359.jpg","type":"image\/jpeg"}],"twitter_card":"summary_large_image","twitter_misc":{"Dur\u00e9e de lecture estim\u00e9e":"2 minutes"},"schema":{"@context":"https:\/\/schema.org","@graph":[{"@type":"WebPage","@id":"https:\/\/alecoutedelarbre.org\/index.php\/page-post-elements\/","url":"https:\/\/alecoutedelarbre.org\/index.php\/page-post-elements\/","name":"Livre d'or - A l&#039;\u00e9coute de l&#039;Arbre","isPartOf":{"@id":"https:\/\/alecoutedelarbre.org\/#website"},"datePublished":"2015-01-29T08:33:52+00:00","dateModified":"2020-06-15T15:18:44+00:00","breadcrumb":{"@id":"https:\/\/alecoutedelarbre.org\/index.php\/page-post-elements\/#breadcrumb"},"inLanguage":"fr-FR","potentialAction":[{"@type":"ReadAction","target":["https:\/\/alecoutedelarbre.org\/index.php\/page-post-elements\/"]}]},{"@type":"BreadcrumbList","@id":"https:\/\/alecoutedelarbre.org\/index.php\/page-post-elements\/#breadcrumb","itemListElement":[{"@type":"ListItem","position":1,"name":"Accueil","item":"https:\/\/alecoutedelarbre.org\/"},{"@type":"ListItem","position":2,"name":"Livre d&rsquo;or"}]},{"@type":"WebSite","@id":"https:\/\/alecoutedelarbre.org\/#website","url":"https:\/\/alecoutedelarbre.org\/","name":"A l&#039;\u00e9coute de l&#039;Arbre","description":"Prendre un temps pour soi en prenant un Bain de For\u00eat","potentialAction":[{"@type":"SearchAction","target":{"@type":"EntryPoint","urlTemplate":"https:\/\/alecoutedelarbre.org\/?s={search_term_string}"},"query-input":"required name=search_term_string"}],"inLanguage":"fr-FR"}]}},"_links":{"self":[{"href":"https:\/\/alecoutedelarbre.org\/index.php\/wp-json\/wp\/v2\/pages\/363"}],"collection":[{"href":"https:\/\/alecoutedelarbre.org\/index.php\/wp-json\/wp\/v2\/pages"}],"about":[{"href":"https:\/\/alecoutedelarbre.org\/index.php\/wp-json\/wp\/v2\/types\/page"}],"author":[{"embeddable":true,"href":"https:\/\/alecoutedelarbre.org\/index.php\/wp-json\/wp\/v2\/users\/1"}],"replies":[{"embeddable":true,"href":"https:\/\/alecoutedelarbre.org\/index.php\/wp-json\/wp\/v2\/comments?post=363"}],"version-history":[{"count":15,"href":"https:\/\/alecoutedelarbre.org\/index.php\/wp-json\/wp\/v2\/pages\/363\/revisions"}],"predecessor-version":[{"id":1118,"href":"https:\/\/alecoutedelarbre.org\/index.php\/wp-json\/wp\/v2\/pages\/363\/revisions\/1118"}],"wp:featuredmedia":[{"embeddable":true,"href":"https:\/\/alecoutedelarbre.org\/index.php\/wp-json\/wp\/v2\/media\/84"}],"wp:attachment":[{"href":"https:\/\/alecoutedelarbre.org\/index.php\/wp-json\/wp\/v2\/media?parent=363"}],"curies":[{"name":"wp","href":"https:\/\/api.w.org\/{rel}","templated":true}]}}